{"id":158,"date":"2021-12-09T12:28:59","date_gmt":"2021-12-09T12:28:59","guid":{"rendered":"https:\/\/bringyourconferencehome.ca\/?page_id=158"},"modified":"2021-12-09T12:28:59","modified_gmt":"2021-12-09T12:28:59","slug":"a-propos-de-nous","status":"publish","type":"page","link":"https:\/\/bringyourconferencehome.ca\/fr\/a-propos-de-nous\/","title":{"rendered":"\u00c0 propos de nous"},"content":{"rendered":"\n<h1 class=\"has-central-palette-2-color has-text-color wp-block-heading\">\u00c0 propos de nous<\/h1>\n\n\n\n<p><em>Votre conf\u00e9rence s\u2019invite chez vous<\/em> est une initiative de marketing conjointe de Tourisme Fredericton et du Palais des congr\u00e8s de Fredericton (PCF). Le PCF s\u2019est donn\u00e9 comme mission d\u2019attirer \u00e0 Fredericton de nouveaux \u00e9v\u00e9nements qui profitent \u00e0 l\u2019ensemble de l\u2019industrie. Tourisme Fredericton s\u2019efforce de faire conna\u00eetre l\u2019histoire, la culture et la nature fantastiques qui s\u2019offrent aux visiteurs et de conclure la vente d\u2019\u00e9v\u00e9nements, petits et grands.<\/p>\n","protected":false},"excerpt":{"rendered":"<p>\u00c0 propos de nous Votre conf\u00e9rence s\u2019invite chez vous est une initiative de marketing conjointe de Tourisme Fredericton et du Palais des congr\u00e8s de Fredericton (PCF). Le PCF s\u2019est donn\u00e9 comme mission d\u2019attirer \u00e0 Fredericton de nouveaux \u00e9v\u00e9nements qui profitent \u00e0 l\u2019ensemble de l\u2019industrie. Tourisme Fredericton s\u2019efforce de faire conna\u00eetre l\u2019histoire, la culture et la [&hellip;]<\/p>\n","protected":false},"author":2,"featured_media":157,"parent":0,"menu_order":0,"comment_status":"closed","ping_status":"closed","template":"","meta":{"_acf_changed":false,"inline_featured_image":false,"footnotes":""},"class_list":["post-158","page","type-page","status-publish","has-post-thumbnail","hentry"],"acf":[],"yoast_head":"<!-- This site is optimized with the Yoast SEO plugin v27.6 - https:\/\/yoast.com\/product\/yoast-seo-wordpress\/ -->\n<title>\u00c0 propos de nous - Bring Your Conference Home - Fredericton<\/title>\n<meta name=\"robots\" content=\"index, follow, max-snippet:-1, max-image-preview:large, max-video-preview:-1\" \/>\n<link rel=\"canonical\" href=\"https:\/\/bringyourconferencehome.ca\/fr\/a-propos-de-nous\/\" \/>\n<meta property=\"og:locale\" content=\"fr_FR\" \/>\n<meta property=\"og:type\" content=\"article\" \/>\n<meta property=\"og:title\" content=\"\u00c0 propos de nous - Bring Your Conference Home - Fredericton\" \/>\n<meta property=\"og:description\" content=\"\u00c0 propos de nous Votre conf\u00e9rence s\u2019invite chez vous est une initiative de marketing conjointe de Tourisme Fredericton et du Palais des congr\u00e8s de Fredericton (PCF). Le PCF s\u2019est donn\u00e9 comme mission d\u2019attirer \u00e0 Fredericton de nouveaux \u00e9v\u00e9nements qui profitent \u00e0 l\u2019ensemble de l\u2019industrie. Tourisme Fredericton s\u2019efforce de faire conna\u00eetre l\u2019histoire, la culture et la [&hellip;]\" \/>\n<meta property=\"og:url\" content=\"https:\/\/bringyourconferencehome.ca\/fr\/a-propos-de-nous\/\" \/>\n<meta property=\"og:site_name\" content=\"Bring Your Conference Home - Fredericton\" \/>\n<meta property=\"og:image\" content=\"https:\/\/bringyourconferencehome.ca\/wp-content\/uploads\/2021\/12\/FrederictonatNight.jpg\" \/>\n\t<meta property=\"og:image:width\" content=\"1600\" \/>\n\t<meta property=\"og:image:height\" content=\"770\" \/>\n\t<meta property=\"og:image:type\" content=\"image\/jpeg\" \/>\n<meta name=\"twitter:card\" content=\"summary_large_image\" \/>\n<script type=\"application\/ld+json\" class=\"yoast-schema-graph\">{\"@context\":\"https:\\\/\\\/schema.org\",\"@graph\":[{\"@type\":\"WebPage\",\"@id\":\"https:\\\/\\\/bringyourconferencehome.ca\\\/fr\\\/a-propos-de-nous\\\/\",\"url\":\"https:\\\/\\\/bringyourconferencehome.ca\\\/fr\\\/a-propos-de-nous\\\/\",\"name\":\"\u00c0 propos de nous - Bring Your Conference Home - Fredericton\",\"isPartOf\":{\"@id\":\"https:\\\/\\\/bringyourconferencehome.ca\\\/#website\"},\"primaryImageOfPage\":{\"@id\":\"https:\\\/\\\/bringyourconferencehome.ca\\\/fr\\\/a-propos-de-nous\\\/#primaryimage\"},\"image\":{\"@id\":\"https:\\\/\\\/bringyourconferencehome.ca\\\/fr\\\/a-propos-de-nous\\\/#primaryimage\"},\"thumbnailUrl\":\"https:\\\/\\\/bringyourconferencehome.ca\\\/wp-content\\\/uploads\\\/2021\\\/12\\\/FrederictonatNight.jpg\",\"datePublished\":\"2021-12-09T12:28:59+00:00\",\"breadcrumb\":{\"@id\":\"https:\\\/\\\/bringyourconferencehome.ca\\\/fr\\\/a-propos-de-nous\\\/#breadcrumb\"},\"inLanguage\":\"fr-FR\",\"potentialAction\":[{\"@type\":\"ReadAction\",\"target\":[\"https:\\\/\\\/bringyourconferencehome.ca\\\/fr\\\/a-propos-de-nous\\\/\"]}]},{\"@type\":\"ImageObject\",\"inLanguage\":\"fr-FR\",\"@id\":\"https:\\\/\\\/bringyourconferencehome.ca\\\/fr\\\/a-propos-de-nous\\\/#primaryimage\",\"url\":\"https:\\\/\\\/bringyourconferencehome.ca\\\/wp-content\\\/uploads\\\/2021\\\/12\\\/FrederictonatNight.jpg\",\"contentUrl\":\"https:\\\/\\\/bringyourconferencehome.ca\\\/wp-content\\\/uploads\\\/2021\\\/12\\\/FrederictonatNight.jpg\",\"width\":1600,\"height\":770},{\"@type\":\"BreadcrumbList\",\"@id\":\"https:\\\/\\\/bringyourconferencehome.ca\\\/fr\\\/a-propos-de-nous\\\/#breadcrumb\",\"itemListElement\":[{\"@type\":\"ListItem\",\"position\":1,\"name\":\"Home\",\"item\":\"https:\\\/\\\/bringyourconferencehome.ca\\\/fr\\\/\"},{\"@type\":\"ListItem\",\"position\":2,\"name\":\"\u00c0 propos de nous\"}]},{\"@type\":\"WebSite\",\"@id\":\"https:\\\/\\\/bringyourconferencehome.ca\\\/#website\",\"url\":\"https:\\\/\\\/bringyourconferencehome.ca\\\/\",\"name\":\"Bring Your Conference Home - Fredericton\",\"description\":\"\",\"publisher\":{\"@id\":\"https:\\\/\\\/bringyourconferencehome.ca\\\/#organization\"},\"potentialAction\":[{\"@type\":\"SearchAction\",\"target\":{\"@type\":\"EntryPoint\",\"urlTemplate\":\"https:\\\/\\\/bringyourconferencehome.ca\\\/?s={search_term_string}\"},\"query-input\":{\"@type\":\"PropertyValueSpecification\",\"valueRequired\":true,\"valueName\":\"search_term_string\"}}],\"inLanguage\":\"fr-FR\"},{\"@type\":\"Organization\",\"@id\":\"https:\\\/\\\/bringyourconferencehome.ca\\\/#organization\",\"name\":\"Bring Your Conference Home - Fredericton\",\"url\":\"https:\\\/\\\/bringyourconferencehome.ca\\\/\",\"logo\":{\"@type\":\"ImageObject\",\"inLanguage\":\"fr-FR\",\"@id\":\"https:\\\/\\\/bringyourconferencehome.ca\\\/#\\\/schema\\\/logo\\\/image\\\/\",\"url\":\"https:\\\/\\\/bringyourconferencehome.ca\\\/wp-content\\\/uploads\\\/2021\\\/11\\\/1-BYCH-Logo-1.svg\",\"contentUrl\":\"https:\\\/\\\/bringyourconferencehome.ca\\\/wp-content\\\/uploads\\\/2021\\\/11\\\/1-BYCH-Logo-1.svg\",\"width\":\"1024\",\"height\":\"1024\",\"caption\":\"Bring Your Conference Home - Fredericton\"},\"image\":{\"@id\":\"https:\\\/\\\/bringyourconferencehome.ca\\\/#\\\/schema\\\/logo\\\/image\\\/\"}}]}<\/script>\n<!-- \/ Yoast SEO plugin. -->","yoast_head_json":{"title":"\u00c0 propos de nous - Bring Your Conference Home - Fredericton","robots":{"index":"index","follow":"follow","max-snippet":"max-snippet:-1","max-image-preview":"max-image-preview:large","max-video-preview":"max-video-preview:-1"},"canonical":"https:\/\/bringyourconferencehome.ca\/fr\/a-propos-de-nous\/","og_locale":"fr_FR","og_type":"article","og_title":"\u00c0 propos de nous - Bring Your Conference Home - Fredericton","og_description":"\u00c0 propos de nous Votre conf\u00e9rence s\u2019invite chez vous est une initiative de marketing conjointe de Tourisme Fredericton et du Palais des congr\u00e8s de Fredericton (PCF). Le PCF s\u2019est donn\u00e9 comme mission d\u2019attirer \u00e0 Fredericton de nouveaux \u00e9v\u00e9nements qui profitent \u00e0 l\u2019ensemble de l\u2019industrie. Tourisme Fredericton s\u2019efforce de faire conna\u00eetre l\u2019histoire, la culture et la [&hellip;]","og_url":"https:\/\/bringyourconferencehome.ca\/fr\/a-propos-de-nous\/","og_site_name":"Bring Your Conference Home - Fredericton","og_image":[{"width":1600,"height":770,"url":"https:\/\/bringyourconferencehome.ca\/wp-content\/uploads\/2021\/12\/FrederictonatNight.jpg","type":"image\/jpeg"}],"twitter_card":"summary_large_image","schema":{"@context":"https:\/\/schema.org","@graph":[{"@type":"WebPage","@id":"https:\/\/bringyourconferencehome.ca\/fr\/a-propos-de-nous\/","url":"https:\/\/bringyourconferencehome.ca\/fr\/a-propos-de-nous\/","name":"\u00c0 propos de nous - Bring Your Conference Home - Fredericton","isPartOf":{"@id":"https:\/\/bringyourconferencehome.ca\/#website"},"primaryImageOfPage":{"@id":"https:\/\/bringyourconferencehome.ca\/fr\/a-propos-de-nous\/#primaryimage"},"image":{"@id":"https:\/\/bringyourconferencehome.ca\/fr\/a-propos-de-nous\/#primaryimage"},"thumbnailUrl":"https:\/\/bringyourconferencehome.ca\/wp-content\/uploads\/2021\/12\/FrederictonatNight.jpg","datePublished":"2021-12-09T12:28:59+00:00","breadcrumb":{"@id":"https:\/\/bringyourconferencehome.ca\/fr\/a-propos-de-nous\/#breadcrumb"},"inLanguage":"fr-FR","potentialAction":[{"@type":"ReadAction","target":["https:\/\/bringyourconferencehome.ca\/fr\/a-propos-de-nous\/"]}]},{"@type":"ImageObject","inLanguage":"fr-FR","@id":"https:\/\/bringyourconferencehome.ca\/fr\/a-propos-de-nous\/#primaryimage","url":"https:\/\/bringyourconferencehome.ca\/wp-content\/uploads\/2021\/12\/FrederictonatNight.jpg","contentUrl":"https:\/\/bringyourconferencehome.ca\/wp-content\/uploads\/2021\/12\/FrederictonatNight.jpg","width":1600,"height":770},{"@type":"BreadcrumbList","@id":"https:\/\/bringyourconferencehome.ca\/fr\/a-propos-de-nous\/#breadcrumb","itemListElement":[{"@type":"ListItem","position":1,"name":"Home","item":"https:\/\/bringyourconferencehome.ca\/fr\/"},{"@type":"ListItem","position":2,"name":"\u00c0 propos de nous"}]},{"@type":"WebSite","@id":"https:\/\/bringyourconferencehome.ca\/#website","url":"https:\/\/bringyourconferencehome.ca\/","name":"Bring Your Conference Home - Fredericton","description":"","publisher":{"@id":"https:\/\/bringyourconferencehome.ca\/#organization"},"potentialAction":[{"@type":"SearchAction","target":{"@type":"EntryPoint","urlTemplate":"https:\/\/bringyourconferencehome.ca\/?s={search_term_string}"},"query-input":{"@type":"PropertyValueSpecification","valueRequired":true,"valueName":"search_term_string"}}],"inLanguage":"fr-FR"},{"@type":"Organization","@id":"https:\/\/bringyourconferencehome.ca\/#organization","name":"Bring Your Conference Home - Fredericton","url":"https:\/\/bringyourconferencehome.ca\/","logo":{"@type":"ImageObject","inLanguage":"fr-FR","@id":"https:\/\/bringyourconferencehome.ca\/#\/schema\/logo\/image\/","url":"https:\/\/bringyourconferencehome.ca\/wp-content\/uploads\/2021\/11\/1-BYCH-Logo-1.svg","contentUrl":"https:\/\/bringyourconferencehome.ca\/wp-content\/uploads\/2021\/11\/1-BYCH-Logo-1.svg","width":"1024","height":"1024","caption":"Bring Your Conference Home - Fredericton"},"image":{"@id":"https:\/\/bringyourconferencehome.ca\/#\/schema\/logo\/image\/"}}]}},"_links":{"self":[{"href":"https:\/\/bringyourconferencehome.ca\/fr\/wp-json\/wp\/v2\/pages\/158","targetHints":{"allow":["GET"]}}],"collection":[{"href":"https:\/\/bringyourconferencehome.ca\/fr\/wp-json\/wp\/v2\/pages"}],"about":[{"href":"https:\/\/bringyourconferencehome.ca\/fr\/wp-json\/wp\/v2\/types\/page"}],"author":[{"embeddable":true,"href":"https:\/\/bringyourconferencehome.ca\/fr\/wp-json\/wp\/v2\/users\/2"}],"replies":[{"embeddable":true,"href":"https:\/\/bringyourconferencehome.ca\/fr\/wp-json\/wp\/v2\/comments?post=158"}],"version-history":[{"count":1,"href":"https:\/\/bringyourconferencehome.ca\/fr\/wp-json\/wp\/v2\/pages\/158\/revisions"}],"predecessor-version":[{"id":159,"href":"https:\/\/bringyourconferencehome.ca\/fr\/wp-json\/wp\/v2\/pages\/158\/revisions\/159"}],"wp:featuredmedia":[{"embeddable":true,"href":"https:\/\/bringyourconferencehome.ca\/fr\/wp-json\/wp\/v2\/media\/157"}],"wp:attachment":[{"href":"https:\/\/bringyourconferencehome.ca\/fr\/wp-json\/wp\/v2\/media?parent=158"}],"curies":[{"name":"wp","href":"https:\/\/api.w.org\/{rel}","templated":true}]}}